{"id":19955,"date":"2024-09-09T18:32:18","date_gmt":"2024-09-09T16:32:18","guid":{"rendered":"https:\/\/www.daempferklinik.de\/b2b-shop\/?post_type=product&#038;p=19955"},"modified":"2024-09-09T18:32:18","modified_gmt":"2024-09-09T16:32:18","slug":"tool-passend-fuer-suitable-for-fox-canyon-shapeshifter-gen-ii-from-mj-2019","status":"publish","type":"product","link":"https:\/\/www.daempferklinik.de\/b2b-shop\/produkt\/tool-passend-fuer-suitable-for-fox-canyon-shapeshifter-gen-ii-from-mj-2019\/","title":{"rendered":"Tool passend f\u00fcr \/ suitable for &#8222;Fox\/Canyon Shapeshifter Gen.II&#8220; from MJ 2019"},"content":{"rendered":"<p>Mit diesem Werkzeug stellst Du den Trennkolben des &#8222;Shapeshifters&#8220; richtig ein.<br \/>\nDas Werkzeug bleibt w\u00e4hrend des Entl\u00fcftungsvorgangs in der Vakuumpumpe oder auch im \u00d6lbad im Shapeshifter verschraubt und h\u00e4lt die Position.<\/p>\n<p>Use this tool to set the separating piston of the \u2018Shapeshifter\u2019 correctly.<br \/>\nThe tool remains screwed into the shapeshifter during the bleeding process in the vacuum pump or in the oil bath and holds the position.<\/p>\n<p>&nbsp;<\/p>\n","protected":false},"excerpt":{"rendered":"<p>Mit diesem Werkzeug stellst Du den Trennkolben des &#8222;Shapeshifters&#8220; richtig ein. Das Werkzeug bleibt w\u00e4hrend des Entl\u00fcftungsvorgangs in der Vakuumpumpe oder auch im \u00d6lbad im Shapeshifter verschraubt und h\u00e4lt die Position. Use this tool to set the separating piston of the \u2018Shapeshifter\u2019 correctly. The tool remains screwed into the shapeshifter during the bleeding process in [&hellip;]<\/p>\n","protected":false},"featured_media":19956,"template":"","meta":{"_et_pb_use_builder":"","_et_pb_old_content":"","_et_gb_content_width":""},"product_cat":[75],"product_tag":[],"yoast_head":"<!-- This site is optimized with the Yoast SEO plugin v19.13 - https:\/\/yoast.com\/wordpress\/plugins\/seo\/ -->\n<title>Tool passend f\u00fcr \/ suitable for &quot;Fox\/Canyon Shapeshifter Gen.II&quot; from MJ 2019 - D\u00e4mpferklinik B2B-Shop<\/title>\n<meta name=\"robots\" content=\"index, follow, max-snippet:-1, max-image-preview:large, max-video-preview:-1\" \/>\n<link rel=\"canonical\" href=\"https:\/\/www.daempferklinik.de\/b2b-shop\/produkt\/tool-passend-fuer-suitable-for-fox-canyon-shapeshifter-gen-ii-from-mj-2019\/\" \/>\n<meta property=\"og:locale\" content=\"de_DE\" \/>\n<meta property=\"og:type\" content=\"article\" \/>\n<meta property=\"og:title\" content=\"Tool passend f\u00fcr \/ suitable for &quot;Fox\/Canyon Shapeshifter Gen.II&quot; from MJ 2019 - D\u00e4mpferklinik B2B-Shop\" \/>\n<meta property=\"og:description\" content=\"Mit diesem Werkzeug stellst Du den Trennkolben des &#8222;Shapeshifters&#8220; richtig ein. Das Werkzeug bleibt w\u00e4hrend des Entl\u00fcftungsvorgangs in der Vakuumpumpe oder auch im \u00d6lbad im Shapeshifter verschraubt und h\u00e4lt die Position. Use this tool to set the separating piston of the \u2018Shapeshifter\u2019 correctly. The tool remains screwed into the shapeshifter during the bleeding process in [&hellip;]\" \/>\n<meta property=\"og:url\" content=\"https:\/\/www.daempferklinik.de\/b2b-shop\/produkt\/tool-passend-fuer-suitable-for-fox-canyon-shapeshifter-gen-ii-from-mj-2019\/\" \/>\n<meta property=\"og:site_name\" content=\"D\u00e4mpferklinik B2B-Shop\" \/>\n<meta property=\"og:image\" content=\"http:\/\/www.daempferklinik.de\/b2b-shop\/wp-content\/uploads\/sites\/3\/Werkzeug_Shapeshifter.jpeg\" \/>\n\t<meta property=\"og:image:width\" content=\"1500\" \/>\n\t<meta property=\"og:image:height\" content=\"2000\" \/>\n\t<meta property=\"og:image:type\" content=\"image\/jpeg\" \/>\n<meta name=\"twitter:card\" content=\"summary_large_image\" \/>\n<script type=\"application\/ld+json\" class=\"yoast-schema-graph\">{\"@context\":\"https:\/\/schema.org\",\"@graph\":[{\"@type\":\"WebPage\",\"@id\":\"https:\/\/www.daempferklinik.de\/b2b-shop\/produkt\/tool-passend-fuer-suitable-for-fox-canyon-shapeshifter-gen-ii-from-mj-2019\/\",\"url\":\"https:\/\/www.daempferklinik.de\/b2b-shop\/produkt\/tool-passend-fuer-suitable-for-fox-canyon-shapeshifter-gen-ii-from-mj-2019\/\",\"name\":\"Tool passend f\u00fcr \/ suitable for \\\"Fox\/Canyon Shapeshifter Gen.II\\\" from MJ 2019 - D\u00e4mpferklinik B2B-Shop\",\"isPartOf\":{\"@id\":\"https:\/\/www.daempferklinik.de\/b2b-shop\/#website\"},\"datePublished\":\"2024-09-09T16:32:18+00:00\",\"dateModified\":\"2024-09-09T16:32:18+00:00\",\"breadcrumb\":{\"@id\":\"https:\/\/www.daempferklinik.de\/b2b-shop\/produkt\/tool-passend-fuer-suitable-for-fox-canyon-shapeshifter-gen-ii-from-mj-2019\/#breadcrumb\"},\"inLanguage\":\"de\",\"potentialAction\":[{\"@type\":\"ReadAction\",\"target\":[\"https:\/\/www.daempferklinik.de\/b2b-shop\/produkt\/tool-passend-fuer-suitable-for-fox-canyon-shapeshifter-gen-ii-from-mj-2019\/\"]}]},{\"@type\":\"BreadcrumbList\",\"@id\":\"https:\/\/www.daempferklinik.de\/b2b-shop\/produkt\/tool-passend-fuer-suitable-for-fox-canyon-shapeshifter-gen-ii-from-mj-2019\/#breadcrumb\",\"itemListElement\":[{\"@type\":\"ListItem\",\"position\":1,\"name\":\"Home\",\"item\":\"https:\/\/www.daempferklinik.de\/b2b-shop\/\"},{\"@type\":\"ListItem\",\"position\":2,\"name\":\"Produkte\",\"item\":\"https:\/\/www.daempferklinik.de\/b2b-shop\/products\/\"},{\"@type\":\"ListItem\",\"position\":3,\"name\":\"Tool passend f\u00fcr \/ suitable for &#8222;Fox\/Canyon Shapeshifter Gen.II&#8220; from MJ 2019\"}]},{\"@type\":\"WebSite\",\"@id\":\"https:\/\/www.daempferklinik.de\/b2b-shop\/#website\",\"url\":\"https:\/\/www.daempferklinik.de\/b2b-shop\/\",\"name\":\"D\u00e4mpferklinik B2B-Shop\",\"description\":\"Alles f\u00fcr den MTB Suspension Service\",\"potentialAction\":[{\"@type\":\"SearchAction\",\"target\":{\"@type\":\"EntryPoint\",\"urlTemplate\":\"https:\/\/www.daempferklinik.de\/b2b-shop\/?s={search_term_string}\"},\"query-input\":\"required name=search_term_string\"}],\"inLanguage\":\"de\"}]}<\/script>\n<!-- \/ Yoast SEO plugin. -->","yoast_head_json":{"title":"Tool passend f\u00fcr \/ suitable for \"Fox\/Canyon Shapeshifter Gen.II\" from MJ 2019 - D\u00e4mpferklinik B2B-Shop","robots":{"index":"index","follow":"follow","max-snippet":"max-snippet:-1","max-image-preview":"max-image-preview:large","max-video-preview":"max-video-preview:-1"},"canonical":"https:\/\/www.daempferklinik.de\/b2b-shop\/produkt\/tool-passend-fuer-suitable-for-fox-canyon-shapeshifter-gen-ii-from-mj-2019\/","og_locale":"de_DE","og_type":"article","og_title":"Tool passend f\u00fcr \/ suitable for \"Fox\/Canyon Shapeshifter Gen.II\" from MJ 2019 - D\u00e4mpferklinik B2B-Shop","og_description":"Mit diesem Werkzeug stellst Du den Trennkolben des &#8222;Shapeshifters&#8220; richtig ein. Das Werkzeug bleibt w\u00e4hrend des Entl\u00fcftungsvorgangs in der Vakuumpumpe oder auch im \u00d6lbad im Shapeshifter verschraubt und h\u00e4lt die Position. Use this tool to set the separating piston of the \u2018Shapeshifter\u2019 correctly. The tool remains screwed into the shapeshifter during the bleeding process in [&hellip;]","og_url":"https:\/\/www.daempferklinik.de\/b2b-shop\/produkt\/tool-passend-fuer-suitable-for-fox-canyon-shapeshifter-gen-ii-from-mj-2019\/","og_site_name":"D\u00e4mpferklinik B2B-Shop","og_image":[{"width":1500,"height":2000,"url":"http:\/\/www.daempferklinik.de\/b2b-shop\/wp-content\/uploads\/sites\/3\/Werkzeug_Shapeshifter.jpeg","type":"image\/jpeg"}],"twitter_card":"summary_large_image","schema":{"@context":"https:\/\/schema.org","@graph":[{"@type":"WebPage","@id":"https:\/\/www.daempferklinik.de\/b2b-shop\/produkt\/tool-passend-fuer-suitable-for-fox-canyon-shapeshifter-gen-ii-from-mj-2019\/","url":"https:\/\/www.daempferklinik.de\/b2b-shop\/produkt\/tool-passend-fuer-suitable-for-fox-canyon-shapeshifter-gen-ii-from-mj-2019\/","name":"Tool passend f\u00fcr \/ suitable for \"Fox\/Canyon Shapeshifter Gen.II\" from MJ 2019 - D\u00e4mpferklinik B2B-Shop","isPartOf":{"@id":"https:\/\/www.daempferklinik.de\/b2b-shop\/#website"},"datePublished":"2024-09-09T16:32:18+00:00","dateModified":"2024-09-09T16:32:18+00:00","breadcrumb":{"@id":"https:\/\/www.daempferklinik.de\/b2b-shop\/produkt\/tool-passend-fuer-suitable-for-fox-canyon-shapeshifter-gen-ii-from-mj-2019\/#breadcrumb"},"inLanguage":"de","potentialAction":[{"@type":"ReadAction","target":["https:\/\/www.daempferklinik.de\/b2b-shop\/produkt\/tool-passend-fuer-suitable-for-fox-canyon-shapeshifter-gen-ii-from-mj-2019\/"]}]},{"@type":"BreadcrumbList","@id":"https:\/\/www.daempferklinik.de\/b2b-shop\/produkt\/tool-passend-fuer-suitable-for-fox-canyon-shapeshifter-gen-ii-from-mj-2019\/#breadcrumb","itemListElement":[{"@type":"ListItem","position":1,"name":"Home","item":"https:\/\/www.daempferklinik.de\/b2b-shop\/"},{"@type":"ListItem","position":2,"name":"Produkte","item":"https:\/\/www.daempferklinik.de\/b2b-shop\/products\/"},{"@type":"ListItem","position":3,"name":"Tool passend f\u00fcr \/ suitable for &#8222;Fox\/Canyon Shapeshifter Gen.II&#8220; from MJ 2019"}]},{"@type":"WebSite","@id":"https:\/\/www.daempferklinik.de\/b2b-shop\/#website","url":"https:\/\/www.daempferklinik.de\/b2b-shop\/","name":"D\u00e4mpferklinik B2B-Shop","description":"Alles f\u00fcr den MTB Suspension Service","potentialAction":[{"@type":"SearchAction","target":{"@type":"EntryPoint","urlTemplate":"https:\/\/www.daempferklinik.de\/b2b-shop\/?s={search_term_string}"},"query-input":"required name=search_term_string"}],"inLanguage":"de"}]}},"_links":{"self":[{"href":"https:\/\/www.daempferklinik.de\/b2b-shop\/wp-json\/wp\/v2\/product\/19955"}],"collection":[{"href":"https:\/\/www.daempferklinik.de\/b2b-shop\/wp-json\/wp\/v2\/product"}],"about":[{"href":"https:\/\/www.daempferklinik.de\/b2b-shop\/wp-json\/wp\/v2\/types\/product"}],"wp:featuredmedia":[{"embeddable":true,"href":"https:\/\/www.daempferklinik.de\/b2b-shop\/wp-json\/wp\/v2\/media\/19956"}],"wp:attachment":[{"href":"https:\/\/www.daempferklinik.de\/b2b-shop\/wp-json\/wp\/v2\/media?parent=19955"}],"wp:term":[{"taxonomy":"product_cat","embeddable":true,"href":"https:\/\/www.daempferklinik.de\/b2b-shop\/wp-json\/wp\/v2\/product_cat?post=19955"},{"taxonomy":"product_tag","embeddable":true,"href":"https:\/\/www.daempferklinik.de\/b2b-shop\/wp-json\/wp\/v2\/product_tag?post=19955"}],"curies":[{"name":"wp","href":"https:\/\/api.w.org\/{rel}","templated":true}]}}