{"id":19488,"date":"2023-10-23T19:04:33","date_gmt":"2023-10-23T17:04:33","guid":{"rendered":"https:\/\/www.daempferklinik.de\/b2b-shop\/?post_type=product&#038;p=19488"},"modified":"2023-10-23T19:16:14","modified_gmt":"2023-10-23T17:16:14","slug":"undicht-sentinel-seals-spacer-passend-fuer-specialized-e100-gabeln-leaking-sentinel-seals-spacer-suitable-for-specialized-e100-forks","status":"publish","type":"product","link":"https:\/\/www.daempferklinik.de\/b2b-shop\/produkt\/undicht-sentinel-seals-spacer-passend-fuer-specialized-e100-gabeln-leaking-sentinel-seals-spacer-suitable-for-specialized-e100-forks\/","title":{"rendered":"Undicht ? Sentinel Seals Spacer passend f\u00fcr Specialized E100 Gabeln &#8212; Leaking ? Sentinel Seals Spacer suitable for Specialized E100 forks"},"content":{"rendered":"<p><a href=\"http:\/\/www.daempferklinik.de\/b2b-shop\/wp-content\/uploads\/sites\/3\/E_100_Ansicht.jpg\"><img loading=\"lazy\" class=\"alignnone size-medium wp-image-19489\" src=\"http:\/\/www.daempferklinik.de\/b2b-shop\/wp-content\/uploads\/sites\/3\/E_100_Ansicht-300x222.jpg\" alt=\"\" width=\"300\" height=\"222\" \/><\/a><a href=\"http:\/\/www.daempferklinik.de\/b2b-shop\/wp-content\/uploads\/sites\/3\/E_100_Ansicht_E100.jpg\"><img loading=\"lazy\" class=\"alignnone size-medium wp-image-19491\" src=\"http:\/\/www.daempferklinik.de\/b2b-shop\/wp-content\/uploads\/sites\/3\/E_100_Ansicht_E100-225x300.jpg\" alt=\"\" width=\"225\" height=\"300\" \/><\/a> <a href=\"http:\/\/www.daempferklinik.de\/b2b-shop\/wp-content\/uploads\/sites\/3\/E_100_Ansicht_Krone.jpg\"><img loading=\"lazy\" class=\"alignnone size-medium wp-image-19493\" src=\"http:\/\/www.daempferklinik.de\/b2b-shop\/wp-content\/uploads\/sites\/3\/E_100_Ansicht_Krone-225x300.jpg\" alt=\"\" width=\"225\" height=\"300\" \/><\/a> <a href=\"http:\/\/www.daempferklinik.de\/b2b-shop\/wp-content\/uploads\/sites\/3\/E_100_Ansicht_Krone_Luftseite.jpg\"><img loading=\"lazy\" class=\"alignnone size-medium wp-image-19495\" src=\"http:\/\/www.daempferklinik.de\/b2b-shop\/wp-content\/uploads\/sites\/3\/E_100_Ansicht_Krone_Luftseite-300x225.jpg\" alt=\"\" width=\"300\" height=\"225\" \/><\/a><a href=\"http:\/\/www.daempferklinik.de\/b2b-shop\/wp-content\/uploads\/sites\/3\/E_100_Ansicht2.jpg\"><img loading=\"lazy\" class=\"alignnone size-medium wp-image-19497\" src=\"http:\/\/www.daempferklinik.de\/b2b-shop\/wp-content\/uploads\/sites\/3\/E_100_Ansicht2-300x225.jpg\" alt=\"\" width=\"300\" height=\"225\" \/><\/a><br \/>\nManchmal f\u00fchrt Korrosion zu Undichtigkeiten bei Gabeln mit Carbon-Alu-Standrohreinheiten. Hier bringt unser kleiner Spacer Abhilfe: Einbauen, weiterfahren !<br \/>\n(Aber Achtung: Zus\u00e4tzlich unbedingt Schaft von innen mit Hohlraumkonservierung sch\u00fctzen und nach nassen Eins\u00e4tzen auf den Kopf stellen, so dass Wasser abfliessen kann)<br \/>\nNur passend f\u00fcr Specialized Gabeln mit dem Schriftzug E100 (am linken Tauchrohr)<\/p>\n<p>Sometimes corrosion leads to leaks in forks with carbon aluminum CSUs. Install this little gem: Pump up &amp; go for a ride !<br \/>\n(But attention: In addition, necessarily protect the CSU from the inside with cavity preservative and put it after wet use upside down, so that water can drain off).<br \/>\nOnly suitable for Specialized forks with the lettering E100 (on the left lower tube)<\/p>\n<p>&nbsp;<\/p>\n","protected":false},"excerpt":{"rendered":"<p>Manchmal f\u00fchrt Korrosion zu Undichtigkeiten bei Gabeln mit Carbon-Alu-Standrohreinheiten. Hier bringt unser kleiner Spacer Abhilfe: Einbauen, weiterfahren ! (Aber Achtung: Zus\u00e4tzlich unbedingt Schaft von innen mit Hohlraumkonservierung sch\u00fctzen und nach nassen Eins\u00e4tzen auf den Kopf stellen, so dass Wasser abfliessen kann) Nur passend f\u00fcr Specialized Gabeln mit dem Schriftzug E100 (am linken Tauchrohr) Sometimes corrosion [&hellip;]<\/p>\n","protected":false},"featured_media":19499,"template":"","meta":{"_et_pb_use_builder":"","_et_pb_old_content":"","_et_gb_content_width":""},"product_cat":[91],"product_tag":[],"yoast_head":"<!-- This site is optimized with the Yoast SEO plugin v19.13 - https:\/\/yoast.com\/wordpress\/plugins\/seo\/ -->\n<title>Undicht ? Sentinel Seals Spacer passend f\u00fcr Specialized E100 Gabeln - Leaking ? Sentinel Seals Spacer suitable for Specialized E100 forks - D\u00e4mpferklinik B2B-Shop<\/title>\n<meta name=\"robots\" content=\"index, follow, max-snippet:-1, max-image-preview:large, max-video-preview:-1\" \/>\n<link rel=\"canonical\" href=\"https:\/\/www.daempferklinik.de\/b2b-shop\/produkt\/undicht-sentinel-seals-spacer-passend-fuer-specialized-e100-gabeln-leaking-sentinel-seals-spacer-suitable-for-specialized-e100-forks\/\" \/>\n<meta property=\"og:locale\" content=\"de_DE\" \/>\n<meta property=\"og:type\" content=\"article\" \/>\n<meta property=\"og:title\" content=\"Undicht ? Sentinel Seals Spacer passend f\u00fcr Specialized E100 Gabeln - Leaking ? Sentinel Seals Spacer suitable for Specialized E100 forks - D\u00e4mpferklinik B2B-Shop\" \/>\n<meta property=\"og:description\" content=\"Manchmal f\u00fchrt Korrosion zu Undichtigkeiten bei Gabeln mit Carbon-Alu-Standrohreinheiten. Hier bringt unser kleiner Spacer Abhilfe: Einbauen, weiterfahren ! (Aber Achtung: Zus\u00e4tzlich unbedingt Schaft von innen mit Hohlraumkonservierung sch\u00fctzen und nach nassen Eins\u00e4tzen auf den Kopf stellen, so dass Wasser abfliessen kann) Nur passend f\u00fcr Specialized Gabeln mit dem Schriftzug E100 (am linken Tauchrohr) Sometimes corrosion [&hellip;]\" \/>\n<meta property=\"og:url\" content=\"https:\/\/www.daempferklinik.de\/b2b-shop\/produkt\/undicht-sentinel-seals-spacer-passend-fuer-specialized-e100-gabeln-leaking-sentinel-seals-spacer-suitable-for-specialized-e100-forks\/\" \/>\n<meta property=\"og:site_name\" content=\"D\u00e4mpferklinik B2B-Shop\" \/>\n<meta property=\"article:modified_time\" content=\"2023-10-23T17:16:14+00:00\" \/>\n<meta property=\"og:image\" content=\"http:\/\/www.daempferklinik.de\/b2b-shop\/wp-content\/uploads\/sites\/3\/Spacer_E100_gut.jpg\" \/>\n\t<meta property=\"og:image:width\" content=\"1008\" \/>\n\t<meta property=\"og:image:height\" content=\"756\" \/>\n\t<meta property=\"og:image:type\" content=\"image\/jpeg\" \/>\n<meta name=\"twitter:card\" content=\"summary_large_image\" \/>\n<meta name=\"twitter:label1\" content=\"Gesch\u00e4tzte Lesezeit\" \/>\n\t<meta name=\"twitter:data1\" content=\"2\u00a0Minuten\" \/>\n<script type=\"application\/ld+json\" class=\"yoast-schema-graph\">{\"@context\":\"https:\/\/schema.org\",\"@graph\":[{\"@type\":\"WebPage\",\"@id\":\"https:\/\/www.daempferklinik.de\/b2b-shop\/produkt\/undicht-sentinel-seals-spacer-passend-fuer-specialized-e100-gabeln-leaking-sentinel-seals-spacer-suitable-for-specialized-e100-forks\/\",\"url\":\"https:\/\/www.daempferklinik.de\/b2b-shop\/produkt\/undicht-sentinel-seals-spacer-passend-fuer-specialized-e100-gabeln-leaking-sentinel-seals-spacer-suitable-for-specialized-e100-forks\/\",\"name\":\"Undicht ? Sentinel Seals Spacer passend f\u00fcr Specialized E100 Gabeln - Leaking ? Sentinel Seals Spacer suitable for Specialized E100 forks - D\u00e4mpferklinik B2B-Shop\",\"isPartOf\":{\"@id\":\"https:\/\/www.daempferklinik.de\/b2b-shop\/#website\"},\"datePublished\":\"2023-10-23T17:04:33+00:00\",\"dateModified\":\"2023-10-23T17:16:14+00:00\",\"breadcrumb\":{\"@id\":\"https:\/\/www.daempferklinik.de\/b2b-shop\/produkt\/undicht-sentinel-seals-spacer-passend-fuer-specialized-e100-gabeln-leaking-sentinel-seals-spacer-suitable-for-specialized-e100-forks\/#breadcrumb\"},\"inLanguage\":\"de\",\"potentialAction\":[{\"@type\":\"ReadAction\",\"target\":[\"https:\/\/www.daempferklinik.de\/b2b-shop\/produkt\/undicht-sentinel-seals-spacer-passend-fuer-specialized-e100-gabeln-leaking-sentinel-seals-spacer-suitable-for-specialized-e100-forks\/\"]}]},{\"@type\":\"BreadcrumbList\",\"@id\":\"https:\/\/www.daempferklinik.de\/b2b-shop\/produkt\/undicht-sentinel-seals-spacer-passend-fuer-specialized-e100-gabeln-leaking-sentinel-seals-spacer-suitable-for-specialized-e100-forks\/#breadcrumb\",\"itemListElement\":[{\"@type\":\"ListItem\",\"position\":1,\"name\":\"Home\",\"item\":\"https:\/\/www.daempferklinik.de\/b2b-shop\/\"},{\"@type\":\"ListItem\",\"position\":2,\"name\":\"Produkte\",\"item\":\"https:\/\/www.daempferklinik.de\/b2b-shop\/products\/\"},{\"@type\":\"ListItem\",\"position\":3,\"name\":\"Undicht ? Sentinel Seals Spacer passend f\u00fcr Specialized E100 Gabeln &#8212; Leaking ? Sentinel Seals Spacer suitable for Specialized E100 forks\"}]},{\"@type\":\"WebSite\",\"@id\":\"https:\/\/www.daempferklinik.de\/b2b-shop\/#website\",\"url\":\"https:\/\/www.daempferklinik.de\/b2b-shop\/\",\"name\":\"D\u00e4mpferklinik B2B-Shop\",\"description\":\"Alles f\u00fcr den MTB Suspension Service\",\"potentialAction\":[{\"@type\":\"SearchAction\",\"target\":{\"@type\":\"EntryPoint\",\"urlTemplate\":\"https:\/\/www.daempferklinik.de\/b2b-shop\/?s={search_term_string}\"},\"query-input\":\"required name=search_term_string\"}],\"inLanguage\":\"de\"}]}<\/script>\n<!-- \/ Yoast SEO plugin. -->","yoast_head_json":{"title":"Undicht ? Sentinel Seals Spacer passend f\u00fcr Specialized E100 Gabeln - Leaking ? Sentinel Seals Spacer suitable for Specialized E100 forks - D\u00e4mpferklinik B2B-Shop","robots":{"index":"index","follow":"follow","max-snippet":"max-snippet:-1","max-image-preview":"max-image-preview:large","max-video-preview":"max-video-preview:-1"},"canonical":"https:\/\/www.daempferklinik.de\/b2b-shop\/produkt\/undicht-sentinel-seals-spacer-passend-fuer-specialized-e100-gabeln-leaking-sentinel-seals-spacer-suitable-for-specialized-e100-forks\/","og_locale":"de_DE","og_type":"article","og_title":"Undicht ? Sentinel Seals Spacer passend f\u00fcr Specialized E100 Gabeln - Leaking ? Sentinel Seals Spacer suitable for Specialized E100 forks - D\u00e4mpferklinik B2B-Shop","og_description":"Manchmal f\u00fchrt Korrosion zu Undichtigkeiten bei Gabeln mit Carbon-Alu-Standrohreinheiten. Hier bringt unser kleiner Spacer Abhilfe: Einbauen, weiterfahren ! (Aber Achtung: Zus\u00e4tzlich unbedingt Schaft von innen mit Hohlraumkonservierung sch\u00fctzen und nach nassen Eins\u00e4tzen auf den Kopf stellen, so dass Wasser abfliessen kann) Nur passend f\u00fcr Specialized Gabeln mit dem Schriftzug E100 (am linken Tauchrohr) Sometimes corrosion [&hellip;]","og_url":"https:\/\/www.daempferklinik.de\/b2b-shop\/produkt\/undicht-sentinel-seals-spacer-passend-fuer-specialized-e100-gabeln-leaking-sentinel-seals-spacer-suitable-for-specialized-e100-forks\/","og_site_name":"D\u00e4mpferklinik B2B-Shop","article_modified_time":"2023-10-23T17:16:14+00:00","og_image":[{"width":1008,"height":756,"url":"http:\/\/www.daempferklinik.de\/b2b-shop\/wp-content\/uploads\/sites\/3\/Spacer_E100_gut.jpg","type":"image\/jpeg"}],"twitter_card":"summary_large_image","twitter_misc":{"Gesch\u00e4tzte Lesezeit":"2\u00a0Minuten"},"schema":{"@context":"https:\/\/schema.org","@graph":[{"@type":"WebPage","@id":"https:\/\/www.daempferklinik.de\/b2b-shop\/produkt\/undicht-sentinel-seals-spacer-passend-fuer-specialized-e100-gabeln-leaking-sentinel-seals-spacer-suitable-for-specialized-e100-forks\/","url":"https:\/\/www.daempferklinik.de\/b2b-shop\/produkt\/undicht-sentinel-seals-spacer-passend-fuer-specialized-e100-gabeln-leaking-sentinel-seals-spacer-suitable-for-specialized-e100-forks\/","name":"Undicht ? Sentinel Seals Spacer passend f\u00fcr Specialized E100 Gabeln - Leaking ? Sentinel Seals Spacer suitable for Specialized E100 forks - D\u00e4mpferklinik B2B-Shop","isPartOf":{"@id":"https:\/\/www.daempferklinik.de\/b2b-shop\/#website"},"datePublished":"2023-10-23T17:04:33+00:00","dateModified":"2023-10-23T17:16:14+00:00","breadcrumb":{"@id":"https:\/\/www.daempferklinik.de\/b2b-shop\/produkt\/undicht-sentinel-seals-spacer-passend-fuer-specialized-e100-gabeln-leaking-sentinel-seals-spacer-suitable-for-specialized-e100-forks\/#breadcrumb"},"inLanguage":"de","potentialAction":[{"@type":"ReadAction","target":["https:\/\/www.daempferklinik.de\/b2b-shop\/produkt\/undicht-sentinel-seals-spacer-passend-fuer-specialized-e100-gabeln-leaking-sentinel-seals-spacer-suitable-for-specialized-e100-forks\/"]}]},{"@type":"BreadcrumbList","@id":"https:\/\/www.daempferklinik.de\/b2b-shop\/produkt\/undicht-sentinel-seals-spacer-passend-fuer-specialized-e100-gabeln-leaking-sentinel-seals-spacer-suitable-for-specialized-e100-forks\/#breadcrumb","itemListElement":[{"@type":"ListItem","position":1,"name":"Home","item":"https:\/\/www.daempferklinik.de\/b2b-shop\/"},{"@type":"ListItem","position":2,"name":"Produkte","item":"https:\/\/www.daempferklinik.de\/b2b-shop\/products\/"},{"@type":"ListItem","position":3,"name":"Undicht ? Sentinel Seals Spacer passend f\u00fcr Specialized E100 Gabeln &#8212; Leaking ? Sentinel Seals Spacer suitable for Specialized E100 forks"}]},{"@type":"WebSite","@id":"https:\/\/www.daempferklinik.de\/b2b-shop\/#website","url":"https:\/\/www.daempferklinik.de\/b2b-shop\/","name":"D\u00e4mpferklinik B2B-Shop","description":"Alles f\u00fcr den MTB Suspension Service","potentialAction":[{"@type":"SearchAction","target":{"@type":"EntryPoint","urlTemplate":"https:\/\/www.daempferklinik.de\/b2b-shop\/?s={search_term_string}"},"query-input":"required name=search_term_string"}],"inLanguage":"de"}]}},"_links":{"self":[{"href":"https:\/\/www.daempferklinik.de\/b2b-shop\/wp-json\/wp\/v2\/product\/19488"}],"collection":[{"href":"https:\/\/www.daempferklinik.de\/b2b-shop\/wp-json\/wp\/v2\/product"}],"about":[{"href":"https:\/\/www.daempferklinik.de\/b2b-shop\/wp-json\/wp\/v2\/types\/product"}],"wp:featuredmedia":[{"embeddable":true,"href":"https:\/\/www.daempferklinik.de\/b2b-shop\/wp-json\/wp\/v2\/media\/19499"}],"wp:attachment":[{"href":"https:\/\/www.daempferklinik.de\/b2b-shop\/wp-json\/wp\/v2\/media?parent=19488"}],"wp:term":[{"taxonomy":"product_cat","embeddable":true,"href":"https:\/\/www.daempferklinik.de\/b2b-shop\/wp-json\/wp\/v2\/product_cat?post=19488"},{"taxonomy":"product_tag","embeddable":true,"href":"https:\/\/www.daempferklinik.de\/b2b-shop\/wp-json\/wp\/v2\/product_tag?post=19488"}],"curies":[{"name":"wp","href":"https:\/\/api.w.org\/{rel}","templated":true}]}}