{"id":18134,"date":"2022-03-05T14:14:56","date_gmt":"2022-03-05T13:14:56","guid":{"rendered":"http:\/\/www.daempferklinik.de\/b2b-shop\/?post_type=product&#038;p=18134"},"modified":"2023-04-28T17:43:01","modified_gmt":"2023-04-28T15:43:01","slug":"essential-kit-passend-fuer-fox-isostrut-trek","status":"publish","type":"product","link":"https:\/\/www.daempferklinik.de\/b2b-shop\/produkt\/essential-kit-passend-fuer-fox-isostrut-trek\/","title":{"rendered":"Essential Kit passend f\u00fcr Fox Isostrut (Trek) (#123)"},"content":{"rendered":"<p>Mit diesem Essential Kit f\u00fchrst Du einen Service am D\u00e4mpfer &#8218;Fox Isostrut&#8216; durch, der am Trek Supercaliber verbaut ist.<\/p>\n<p>Air &amp; Oil Kit &#8211; f\u00fcr einen Komplett-Service, also f\u00fcr \u00d6l- und Luftkammer<br \/>\nAir Kit &#8211; f\u00fcr einen Luftkammer-Service<\/p>\n<p>Unsere Essential Kits enthalten alles, was Du brauchst, um die hydraulischen und pneumatischen Funktionen eines Federelements wieder herzustellen &#8211; und das sind Dichtungen. Ersatzteile* hingegen lassen wir weg. So kannst Du mit den kostenoptimierten Essential Kits Deinen Kunden einen professionellen Service zum fairen Preis anbieten.<br \/>\n(*z.B. Schrauben, Madenschrauben, St\u00fctzringe, Gleitelemente, Ventileins\u00e4tze, Verstellerkugeln und -federn, Sprengringe etc.)<\/p>\n","protected":false},"excerpt":{"rendered":"<p>Mit diesem Essential Kit f\u00fchrst Du einen Service am D\u00e4mpfer &#8218;Fox Isostrut&#8216; durch, der am Trek Supercaliber verbaut ist. Air &amp; Oil Kit &#8211; f\u00fcr einen Komplett-Service, also f\u00fcr \u00d6l- und Luftkammer Air Kit &#8211; f\u00fcr einen Luftkammer-Service Unsere Essential Kits enthalten alles, was Du brauchst, um die hydraulischen und pneumatischen Funktionen eines Federelements wieder [&hellip;]<\/p>\n","protected":false},"featured_media":0,"template":"","meta":{"_et_pb_use_builder":"","_et_pb_old_content":"","_et_gb_content_width":""},"product_cat":[82],"product_tag":[],"yoast_head":"<!-- This site is optimized with the Yoast SEO plugin v19.13 - https:\/\/yoast.com\/wordpress\/plugins\/seo\/ -->\n<title>Essential Kit passend f\u00fcr Fox Isostrut (Trek) (#123) - D\u00e4mpferklinik B2B-Shop<\/title>\n<meta name=\"robots\" content=\"index, follow, max-snippet:-1, max-image-preview:large, max-video-preview:-1\" \/>\n<link rel=\"canonical\" href=\"https:\/\/www.daempferklinik.de\/b2b-shop\/produkt\/essential-kit-passend-fuer-fox-isostrut-trek\/\" \/>\n<meta property=\"og:locale\" content=\"de_DE\" \/>\n<meta property=\"og:type\" content=\"article\" \/>\n<meta property=\"og:title\" content=\"Essential Kit passend f\u00fcr Fox Isostrut (Trek) (#123) - D\u00e4mpferklinik B2B-Shop\" \/>\n<meta property=\"og:description\" content=\"Mit diesem Essential Kit f\u00fchrst Du einen Service am D\u00e4mpfer &#8218;Fox Isostrut&#8216; durch, der am Trek Supercaliber verbaut ist. Air &amp; Oil Kit &#8211; f\u00fcr einen Komplett-Service, also f\u00fcr \u00d6l- und Luftkammer Air Kit &#8211; f\u00fcr einen Luftkammer-Service Unsere Essential Kits enthalten alles, was Du brauchst, um die hydraulischen und pneumatischen Funktionen eines Federelements wieder [&hellip;]\" \/>\n<meta property=\"og:url\" content=\"https:\/\/www.daempferklinik.de\/b2b-shop\/produkt\/essential-kit-passend-fuer-fox-isostrut-trek\/\" \/>\n<meta property=\"og:site_name\" content=\"D\u00e4mpferklinik B2B-Shop\" \/>\n<meta property=\"article:modified_time\" content=\"2023-04-28T15:43:01+00:00\" \/>\n<meta name=\"twitter:card\" content=\"summary_large_image\" \/>\n<meta name=\"twitter:label1\" content=\"Gesch\u00e4tzte Lesezeit\" \/>\n\t<meta name=\"twitter:data1\" content=\"1\u00a0Minute\" \/>\n<script type=\"application\/ld+json\" class=\"yoast-schema-graph\">{\"@context\":\"https:\/\/schema.org\",\"@graph\":[{\"@type\":\"WebPage\",\"@id\":\"https:\/\/www.daempferklinik.de\/b2b-shop\/produkt\/essential-kit-passend-fuer-fox-isostrut-trek\/\",\"url\":\"https:\/\/www.daempferklinik.de\/b2b-shop\/produkt\/essential-kit-passend-fuer-fox-isostrut-trek\/\",\"name\":\"Essential Kit passend f\u00fcr Fox Isostrut (Trek) (#123) - D\u00e4mpferklinik B2B-Shop\",\"isPartOf\":{\"@id\":\"https:\/\/www.daempferklinik.de\/b2b-shop\/#website\"},\"datePublished\":\"2022-03-05T13:14:56+00:00\",\"dateModified\":\"2023-04-28T15:43:01+00:00\",\"breadcrumb\":{\"@id\":\"https:\/\/www.daempferklinik.de\/b2b-shop\/produkt\/essential-kit-passend-fuer-fox-isostrut-trek\/#breadcrumb\"},\"inLanguage\":\"de\",\"potentialAction\":[{\"@type\":\"ReadAction\",\"target\":[\"https:\/\/www.daempferklinik.de\/b2b-shop\/produkt\/essential-kit-passend-fuer-fox-isostrut-trek\/\"]}]},{\"@type\":\"BreadcrumbList\",\"@id\":\"https:\/\/www.daempferklinik.de\/b2b-shop\/produkt\/essential-kit-passend-fuer-fox-isostrut-trek\/#breadcrumb\",\"itemListElement\":[{\"@type\":\"ListItem\",\"position\":1,\"name\":\"Home\",\"item\":\"https:\/\/www.daempferklinik.de\/b2b-shop\/\"},{\"@type\":\"ListItem\",\"position\":2,\"name\":\"Produkte\",\"item\":\"https:\/\/www.daempferklinik.de\/b2b-shop\/products\/\"},{\"@type\":\"ListItem\",\"position\":3,\"name\":\"Essential Kit passend f\u00fcr Fox Isostrut (Trek) (#123)\"}]},{\"@type\":\"WebSite\",\"@id\":\"https:\/\/www.daempferklinik.de\/b2b-shop\/#website\",\"url\":\"https:\/\/www.daempferklinik.de\/b2b-shop\/\",\"name\":\"D\u00e4mpferklinik B2B-Shop\",\"description\":\"Alles f\u00fcr den MTB Suspension Service\",\"potentialAction\":[{\"@type\":\"SearchAction\",\"target\":{\"@type\":\"EntryPoint\",\"urlTemplate\":\"https:\/\/www.daempferklinik.de\/b2b-shop\/?s={search_term_string}\"},\"query-input\":\"required name=search_term_string\"}],\"inLanguage\":\"de\"}]}<\/script>\n<!-- \/ Yoast SEO plugin. -->","yoast_head_json":{"title":"Essential Kit passend f\u00fcr Fox Isostrut (Trek) (#123) - D\u00e4mpferklinik B2B-Shop","robots":{"index":"index","follow":"follow","max-snippet":"max-snippet:-1","max-image-preview":"max-image-preview:large","max-video-preview":"max-video-preview:-1"},"canonical":"https:\/\/www.daempferklinik.de\/b2b-shop\/produkt\/essential-kit-passend-fuer-fox-isostrut-trek\/","og_locale":"de_DE","og_type":"article","og_title":"Essential Kit passend f\u00fcr Fox Isostrut (Trek) (#123) - D\u00e4mpferklinik B2B-Shop","og_description":"Mit diesem Essential Kit f\u00fchrst Du einen Service am D\u00e4mpfer &#8218;Fox Isostrut&#8216; durch, der am Trek Supercaliber verbaut ist. Air &amp; Oil Kit &#8211; f\u00fcr einen Komplett-Service, also f\u00fcr \u00d6l- und Luftkammer Air Kit &#8211; f\u00fcr einen Luftkammer-Service Unsere Essential Kits enthalten alles, was Du brauchst, um die hydraulischen und pneumatischen Funktionen eines Federelements wieder [&hellip;]","og_url":"https:\/\/www.daempferklinik.de\/b2b-shop\/produkt\/essential-kit-passend-fuer-fox-isostrut-trek\/","og_site_name":"D\u00e4mpferklinik B2B-Shop","article_modified_time":"2023-04-28T15:43:01+00:00","twitter_card":"summary_large_image","twitter_misc":{"Gesch\u00e4tzte Lesezeit":"1\u00a0Minute"},"schema":{"@context":"https:\/\/schema.org","@graph":[{"@type":"WebPage","@id":"https:\/\/www.daempferklinik.de\/b2b-shop\/produkt\/essential-kit-passend-fuer-fox-isostrut-trek\/","url":"https:\/\/www.daempferklinik.de\/b2b-shop\/produkt\/essential-kit-passend-fuer-fox-isostrut-trek\/","name":"Essential Kit passend f\u00fcr Fox Isostrut (Trek) (#123) - D\u00e4mpferklinik B2B-Shop","isPartOf":{"@id":"https:\/\/www.daempferklinik.de\/b2b-shop\/#website"},"datePublished":"2022-03-05T13:14:56+00:00","dateModified":"2023-04-28T15:43:01+00:00","breadcrumb":{"@id":"https:\/\/www.daempferklinik.de\/b2b-shop\/produkt\/essential-kit-passend-fuer-fox-isostrut-trek\/#breadcrumb"},"inLanguage":"de","potentialAction":[{"@type":"ReadAction","target":["https:\/\/www.daempferklinik.de\/b2b-shop\/produkt\/essential-kit-passend-fuer-fox-isostrut-trek\/"]}]},{"@type":"BreadcrumbList","@id":"https:\/\/www.daempferklinik.de\/b2b-shop\/produkt\/essential-kit-passend-fuer-fox-isostrut-trek\/#breadcrumb","itemListElement":[{"@type":"ListItem","position":1,"name":"Home","item":"https:\/\/www.daempferklinik.de\/b2b-shop\/"},{"@type":"ListItem","position":2,"name":"Produkte","item":"https:\/\/www.daempferklinik.de\/b2b-shop\/products\/"},{"@type":"ListItem","position":3,"name":"Essential Kit passend f\u00fcr Fox Isostrut (Trek) (#123)"}]},{"@type":"WebSite","@id":"https:\/\/www.daempferklinik.de\/b2b-shop\/#website","url":"https:\/\/www.daempferklinik.de\/b2b-shop\/","name":"D\u00e4mpferklinik B2B-Shop","description":"Alles f\u00fcr den MTB Suspension Service","potentialAction":[{"@type":"SearchAction","target":{"@type":"EntryPoint","urlTemplate":"https:\/\/www.daempferklinik.de\/b2b-shop\/?s={search_term_string}"},"query-input":"required name=search_term_string"}],"inLanguage":"de"}]}},"_links":{"self":[{"href":"https:\/\/www.daempferklinik.de\/b2b-shop\/wp-json\/wp\/v2\/product\/18134"}],"collection":[{"href":"https:\/\/www.daempferklinik.de\/b2b-shop\/wp-json\/wp\/v2\/product"}],"about":[{"href":"https:\/\/www.daempferklinik.de\/b2b-shop\/wp-json\/wp\/v2\/types\/product"}],"wp:attachment":[{"href":"https:\/\/www.daempferklinik.de\/b2b-shop\/wp-json\/wp\/v2\/media?parent=18134"}],"wp:term":[{"taxonomy":"product_cat","embeddable":true,"href":"https:\/\/www.daempferklinik.de\/b2b-shop\/wp-json\/wp\/v2\/product_cat?post=18134"},{"taxonomy":"product_tag","embeddable":true,"href":"https:\/\/www.daempferklinik.de\/b2b-shop\/wp-json\/wp\/v2\/product_tag?post=18134"}],"curies":[{"name":"wp","href":"https:\/\/api.w.org\/{rel}","templated":true}]}}