{"id":17743,"date":"2021-10-22T15:49:06","date_gmt":"2021-10-22T13:49:06","guid":{"rendered":"http:\/\/www.daempferklinik.de\/b2b-shop\/?post_type=product&#038;p=17743"},"modified":"2023-05-16T16:12:25","modified_gmt":"2023-05-16T14:12:25","slug":"trennkolben-passend-fuer-rs-sid-specialized-brain","status":"publish","type":"product","link":"https:\/\/www.daempferklinik.de\/b2b-shop\/produkt\/trennkolben-passend-fuer-rs-sid-specialized-brain\/","title":{"rendered":"Trennkolben passend f\u00fcr \/ IFP suitable for RS Sid Specialized Brain"},"content":{"rendered":"<p>In der Specialized-Brain-Kartusche befindet sich ein Trennkolben mit Durchgangsbohrung und Verschlussschraube. Dieser ist manchmal besch\u00e4digt, sodass keine Instandsetzung der Kartusche m\u00f6glich ist. Dieser Trennkolben dient als Ersatz f\u00fcr die Version der Kartusche, bei der beide Versteller oben (Topcap) angebracht sind.Der Trennkolben l\u00e4sst sich mit einem Steckschl\u00fcssel (10mm) halten.<\/p>\n<p id=\"tw-target-text\" class=\"tw-data-text tw-text-large tw-ta\" dir=\"ltr\" style=\"text-align: left;\" data-placeholder=\"\u00dcbersetzung\"><span class=\"Y2IQFc\" lang=\"en\">The Specialized Brain cartridge contains a floating piston with a through hole and screw plug. This is sometimes damaged so that the cartridge cannot be repaired. This separating piston serves as a replacement for the version of the cartridge in which both adjusters are attached at the top (top cap). The floating piston can be held with a socket wrench (10mm).<\/span><\/p>\n<p dir=\"ltr\" data-placeholder=\"\u00dcbersetzung\"><a href=\"http:\/\/www.daempferklinik.de\/b2b-shop\/wp-content\/uploads\/sites\/3\/IFP-Specialized-Brain_w_Seal.jpg\"><img loading=\"lazy\" class=\"alignnone size-medium wp-image-19237\" src=\"http:\/\/www.daempferklinik.de\/b2b-shop\/wp-content\/uploads\/sites\/3\/IFP-Specialized-Brain_w_Seal-300x225.jpg\" alt=\"\" width=\"300\" height=\"225\" \/><\/a><\/p>\n","protected":false},"excerpt":{"rendered":"<p>Typ: Luftfeder, einfach<\/p>\n","protected":false},"featured_media":19235,"template":"","meta":{"_et_pb_use_builder":"","_et_pb_old_content":"","_et_gb_content_width":""},"product_cat":[79,91],"product_tag":[],"yoast_head":"<!-- This site is optimized with the Yoast SEO plugin v19.13 - https:\/\/yoast.com\/wordpress\/plugins\/seo\/ -->\n<title>Trennkolben passend f\u00fcr \/ IFP suitable for RS Sid Specialized Brain - D\u00e4mpferklinik B2B-Shop<\/title>\n<meta name=\"robots\" content=\"index, follow, max-snippet:-1, max-image-preview:large, max-video-preview:-1\" \/>\n<link rel=\"canonical\" href=\"https:\/\/www.daempferklinik.de\/b2b-shop\/produkt\/trennkolben-passend-fuer-rs-sid-specialized-brain\/\" \/>\n<meta property=\"og:locale\" content=\"de_DE\" \/>\n<meta property=\"og:type\" content=\"article\" \/>\n<meta property=\"og:title\" content=\"Trennkolben passend f\u00fcr \/ IFP suitable for RS Sid Specialized Brain - D\u00e4mpferklinik B2B-Shop\" \/>\n<meta property=\"og:description\" content=\"Typ: Luftfeder, einfach\" \/>\n<meta property=\"og:url\" content=\"https:\/\/www.daempferklinik.de\/b2b-shop\/produkt\/trennkolben-passend-fuer-rs-sid-specialized-brain\/\" \/>\n<meta property=\"og:site_name\" content=\"D\u00e4mpferklinik B2B-Shop\" \/>\n<meta property=\"article:modified_time\" content=\"2023-05-16T14:12:25+00:00\" \/>\n<meta property=\"og:image\" content=\"http:\/\/www.daempferklinik.de\/b2b-shop\/wp-content\/uploads\/sites\/3\/IFP-Specialized-Brain_wo_Seal.jpg\" \/>\n\t<meta property=\"og:image:width\" content=\"1008\" \/>\n\t<meta property=\"og:image:height\" content=\"756\" \/>\n\t<meta property=\"og:image:type\" content=\"image\/jpeg\" \/>\n<meta name=\"twitter:card\" content=\"summary_large_image\" \/>\n<meta name=\"twitter:label1\" content=\"Gesch\u00e4tzte Lesezeit\" \/>\n\t<meta name=\"twitter:data1\" content=\"1\u00a0Minute\" \/>\n<script type=\"application\/ld+json\" class=\"yoast-schema-graph\">{\"@context\":\"https:\/\/schema.org\",\"@graph\":[{\"@type\":\"WebPage\",\"@id\":\"https:\/\/www.daempferklinik.de\/b2b-shop\/produkt\/trennkolben-passend-fuer-rs-sid-specialized-brain\/\",\"url\":\"https:\/\/www.daempferklinik.de\/b2b-shop\/produkt\/trennkolben-passend-fuer-rs-sid-specialized-brain\/\",\"name\":\"Trennkolben passend f\u00fcr \/ IFP suitable for RS Sid Specialized Brain - D\u00e4mpferklinik B2B-Shop\",\"isPartOf\":{\"@id\":\"https:\/\/www.daempferklinik.de\/b2b-shop\/#website\"},\"datePublished\":\"2021-10-22T13:49:06+00:00\",\"dateModified\":\"2023-05-16T14:12:25+00:00\",\"breadcrumb\":{\"@id\":\"https:\/\/www.daempferklinik.de\/b2b-shop\/produkt\/trennkolben-passend-fuer-rs-sid-specialized-brain\/#breadcrumb\"},\"inLanguage\":\"de\",\"potentialAction\":[{\"@type\":\"ReadAction\",\"target\":[\"https:\/\/www.daempferklinik.de\/b2b-shop\/produkt\/trennkolben-passend-fuer-rs-sid-specialized-brain\/\"]}]},{\"@type\":\"BreadcrumbList\",\"@id\":\"https:\/\/www.daempferklinik.de\/b2b-shop\/produkt\/trennkolben-passend-fuer-rs-sid-specialized-brain\/#breadcrumb\",\"itemListElement\":[{\"@type\":\"ListItem\",\"position\":1,\"name\":\"Home\",\"item\":\"https:\/\/www.daempferklinik.de\/b2b-shop\/\"},{\"@type\":\"ListItem\",\"position\":2,\"name\":\"Produkte\",\"item\":\"https:\/\/www.daempferklinik.de\/b2b-shop\/products\/\"},{\"@type\":\"ListItem\",\"position\":3,\"name\":\"Trennkolben passend f\u00fcr \/ IFP suitable for RS Sid Specialized Brain\"}]},{\"@type\":\"WebSite\",\"@id\":\"https:\/\/www.daempferklinik.de\/b2b-shop\/#website\",\"url\":\"https:\/\/www.daempferklinik.de\/b2b-shop\/\",\"name\":\"D\u00e4mpferklinik B2B-Shop\",\"description\":\"Alles f\u00fcr den MTB Suspension Service\",\"potentialAction\":[{\"@type\":\"SearchAction\",\"target\":{\"@type\":\"EntryPoint\",\"urlTemplate\":\"https:\/\/www.daempferklinik.de\/b2b-shop\/?s={search_term_string}\"},\"query-input\":\"required name=search_term_string\"}],\"inLanguage\":\"de\"}]}<\/script>\n<!-- \/ Yoast SEO plugin. -->","yoast_head_json":{"title":"Trennkolben passend f\u00fcr \/ IFP suitable for RS Sid Specialized Brain - D\u00e4mpferklinik B2B-Shop","robots":{"index":"index","follow":"follow","max-snippet":"max-snippet:-1","max-image-preview":"max-image-preview:large","max-video-preview":"max-video-preview:-1"},"canonical":"https:\/\/www.daempferklinik.de\/b2b-shop\/produkt\/trennkolben-passend-fuer-rs-sid-specialized-brain\/","og_locale":"de_DE","og_type":"article","og_title":"Trennkolben passend f\u00fcr \/ IFP suitable for RS Sid Specialized Brain - D\u00e4mpferklinik B2B-Shop","og_description":"Typ: Luftfeder, einfach","og_url":"https:\/\/www.daempferklinik.de\/b2b-shop\/produkt\/trennkolben-passend-fuer-rs-sid-specialized-brain\/","og_site_name":"D\u00e4mpferklinik B2B-Shop","article_modified_time":"2023-05-16T14:12:25+00:00","og_image":[{"width":1008,"height":756,"url":"http:\/\/www.daempferklinik.de\/b2b-shop\/wp-content\/uploads\/sites\/3\/IFP-Specialized-Brain_wo_Seal.jpg","type":"image\/jpeg"}],"twitter_card":"summary_large_image","twitter_misc":{"Gesch\u00e4tzte Lesezeit":"1\u00a0Minute"},"schema":{"@context":"https:\/\/schema.org","@graph":[{"@type":"WebPage","@id":"https:\/\/www.daempferklinik.de\/b2b-shop\/produkt\/trennkolben-passend-fuer-rs-sid-specialized-brain\/","url":"https:\/\/www.daempferklinik.de\/b2b-shop\/produkt\/trennkolben-passend-fuer-rs-sid-specialized-brain\/","name":"Trennkolben passend f\u00fcr \/ IFP suitable for RS Sid Specialized Brain - D\u00e4mpferklinik B2B-Shop","isPartOf":{"@id":"https:\/\/www.daempferklinik.de\/b2b-shop\/#website"},"datePublished":"2021-10-22T13:49:06+00:00","dateModified":"2023-05-16T14:12:25+00:00","breadcrumb":{"@id":"https:\/\/www.daempferklinik.de\/b2b-shop\/produkt\/trennkolben-passend-fuer-rs-sid-specialized-brain\/#breadcrumb"},"inLanguage":"de","potentialAction":[{"@type":"ReadAction","target":["https:\/\/www.daempferklinik.de\/b2b-shop\/produkt\/trennkolben-passend-fuer-rs-sid-specialized-brain\/"]}]},{"@type":"BreadcrumbList","@id":"https:\/\/www.daempferklinik.de\/b2b-shop\/produkt\/trennkolben-passend-fuer-rs-sid-specialized-brain\/#breadcrumb","itemListElement":[{"@type":"ListItem","position":1,"name":"Home","item":"https:\/\/www.daempferklinik.de\/b2b-shop\/"},{"@type":"ListItem","position":2,"name":"Produkte","item":"https:\/\/www.daempferklinik.de\/b2b-shop\/products\/"},{"@type":"ListItem","position":3,"name":"Trennkolben passend f\u00fcr \/ IFP suitable for RS Sid Specialized Brain"}]},{"@type":"WebSite","@id":"https:\/\/www.daempferklinik.de\/b2b-shop\/#website","url":"https:\/\/www.daempferklinik.de\/b2b-shop\/","name":"D\u00e4mpferklinik B2B-Shop","description":"Alles f\u00fcr den MTB Suspension Service","potentialAction":[{"@type":"SearchAction","target":{"@type":"EntryPoint","urlTemplate":"https:\/\/www.daempferklinik.de\/b2b-shop\/?s={search_term_string}"},"query-input":"required name=search_term_string"}],"inLanguage":"de"}]}},"_links":{"self":[{"href":"https:\/\/www.daempferklinik.de\/b2b-shop\/wp-json\/wp\/v2\/product\/17743"}],"collection":[{"href":"https:\/\/www.daempferklinik.de\/b2b-shop\/wp-json\/wp\/v2\/product"}],"about":[{"href":"https:\/\/www.daempferklinik.de\/b2b-shop\/wp-json\/wp\/v2\/types\/product"}],"wp:featuredmedia":[{"embeddable":true,"href":"https:\/\/www.daempferklinik.de\/b2b-shop\/wp-json\/wp\/v2\/media\/19235"}],"wp:attachment":[{"href":"https:\/\/www.daempferklinik.de\/b2b-shop\/wp-json\/wp\/v2\/media?parent=17743"}],"wp:term":[{"taxonomy":"product_cat","embeddable":true,"href":"https:\/\/www.daempferklinik.de\/b2b-shop\/wp-json\/wp\/v2\/product_cat?post=17743"},{"taxonomy":"product_tag","embeddable":true,"href":"https:\/\/www.daempferklinik.de\/b2b-shop\/wp-json\/wp\/v2\/product_tag?post=17743"}],"curies":[{"name":"wp","href":"https:\/\/api.w.org\/{rel}","templated":true}]}}