{"id":11969,"date":"2018-12-07T14:49:30","date_gmt":"2018-12-07T13:49:30","guid":{"rendered":"http:\/\/www.daempferklinik.de\/b2b-shop\/?post_type=product&#038;p=11969"},"modified":"2022-09-12T20:17:48","modified_gmt":"2022-09-12T18:17:48","slug":"mounting-seal-kit-fuer-rockshox-3-teilig","status":"publish","type":"product","link":"https:\/\/www.daempferklinik.de\/b2b-shop\/produkt\/mounting-seal-kit-fuer-rockshox-3-teilig\/","title":{"rendered":"Mounting Seal Kit f\u00fcr Rockshox 3-part (#568\/MSK-3)"},"content":{"rendered":"<p>Klein und notwendig f\u00fcr fast jeden Service &#8211; Beim Service am D\u00e4mpfer sollten auch die Schutzdichtungen f\u00fcr Montagebuchsen getauscht werden, auch wenn sie technisch keine Dichtfunktion erf\u00fcllen.<\/p>\n<p><a href=\"http:\/\/www.daempferklinik.de\/b2b-shop\/wp-content\/uploads\/sites\/3\/Rockshox_3tlg_Lager-1-von-1.jpg\"><img loading=\"lazy\" class=\"wp-image-11987 size-medium alignleft\" src=\"http:\/\/www.daempferklinik.de\/b2b-shop\/wp-content\/uploads\/sites\/3\/Rockshox_3tlg_Lager-1-von-1-300x300.jpg\" alt=\"\" width=\"300\" height=\"300\" srcset=\"https:\/\/www.daempferklinik.de\/b2b-shop\/wp-content\/uploads\/sites\/3\/Rockshox_3tlg_Lager-1-von-1-300x300.jpg 300w, https:\/\/www.daempferklinik.de\/b2b-shop\/wp-content\/uploads\/sites\/3\/Rockshox_3tlg_Lager-1-von-1-150x150.jpg 150w, https:\/\/www.daempferklinik.de\/b2b-shop\/wp-content\/uploads\/sites\/3\/Rockshox_3tlg_Lager-1-von-1-768x768.jpg 768w, https:\/\/www.daempferklinik.de\/b2b-shop\/wp-content\/uploads\/sites\/3\/Rockshox_3tlg_Lager-1-von-1-1024x1024.jpg 1024w, https:\/\/www.daempferklinik.de\/b2b-shop\/wp-content\/uploads\/sites\/3\/Rockshox_3tlg_Lager-1-von-1-1080x1080.jpg 1080w, https:\/\/www.daempferklinik.de\/b2b-shop\/wp-content\/uploads\/sites\/3\/Rockshox_3tlg_Lager-1-von-1-400x400.jpg 400w, https:\/\/www.daempferklinik.de\/b2b-shop\/wp-content\/uploads\/sites\/3\/Rockshox_3tlg_Lager-1-von-1-510x510.jpg 510w, https:\/\/www.daempferklinik.de\/b2b-shop\/wp-content\/uploads\/sites\/3\/Rockshox_3tlg_Lager-1-von-1-100x100.jpg 100w, https:\/\/www.daempferklinik.de\/b2b-shop\/wp-content\/uploads\/sites\/3\/Rockshox_3tlg_Lager-1-von-1.jpg 1816w\" sizes=\"(max-width: 300px) 100vw, 300px\" \/><\/a><\/p>\n<p>Passt f\u00fcr: 3-teilige Montagebuchsen von Rockshox<br \/>\nInhalt: 20 St\u00fcck f\u00fcr 5 D\u00e4mpfer<\/p>\n<p>Die unscheinbaren Schutzdichtungen f\u00fcr Montagebuchsen sind oftmals stark verschmutzt, besch\u00e4digt, br\u00fcchig oder gehen schlicht und einfach verloren.<\/p>\n<p>Unverzichtbar f\u00fcr einen optimal funktionsf\u00e4higen D\u00e4mpfer: Die 3-teiligen Mounting Seals f\u00fcr Montagebuchsen von Rockshox sch\u00fctzen die Pr\u00e4zisionsteile vor Schmutz und Wasser. So gew\u00e4hrleisten sie eine lange Lebensdauer.<\/p>\n<p>&nbsp;<\/p>\n<p>Hinweis zu Abbildung und Lieferumfang: Dies ist ein Anwendungsbeispiel, die Montagebuchsen sind nicht im Lieferumfang enthalten.<\/p>\n<p>&nbsp;<\/p>\n","protected":false},"excerpt":{"rendered":"<p>Klein und notwendig f\u00fcr fast jeden Service &#8211; Beim Service am D\u00e4mpfer sollten auch die Schutzdichtungen f\u00fcr Montagebuchsen getauscht werden, auch wenn sie technisch keine Dichtfunktion erf\u00fcllen. Passt f\u00fcr: 3-teilige Montagebuchsen von Rockshox Inhalt: 20 St\u00fcck f\u00fcr 5 D\u00e4mpfer Die unscheinbaren Schutzdichtungen f\u00fcr Montagebuchsen sind oftmals stark verschmutzt, besch\u00e4digt, br\u00fcchig oder gehen schlicht und einfach [&hellip;]<\/p>\n","protected":false},"featured_media":11977,"template":"","meta":{"_et_pb_use_builder":"","_et_pb_old_content":"","_et_gb_content_width":""},"product_cat":[84],"product_tag":[],"yoast_head":"<!-- This site is optimized with the Yoast SEO plugin v19.13 - https:\/\/yoast.com\/wordpress\/plugins\/seo\/ -->\n<title>Mounting Seal Kit f\u00fcr Rockshox 3-part (#568\/MSK-3) - D\u00e4mpferklinik B2B-Shop<\/title>\n<meta name=\"robots\" content=\"index, follow, max-snippet:-1, max-image-preview:large, max-video-preview:-1\" \/>\n<link rel=\"canonical\" href=\"https:\/\/www.daempferklinik.de\/b2b-shop\/produkt\/mounting-seal-kit-fuer-rockshox-3-teilig\/\" \/>\n<meta property=\"og:locale\" content=\"de_DE\" \/>\n<meta property=\"og:type\" content=\"article\" \/>\n<meta property=\"og:title\" content=\"Mounting Seal Kit f\u00fcr Rockshox 3-part (#568\/MSK-3) - D\u00e4mpferklinik B2B-Shop\" \/>\n<meta property=\"og:description\" content=\"Klein und notwendig f\u00fcr fast jeden Service &#8211; Beim Service am D\u00e4mpfer sollten auch die Schutzdichtungen f\u00fcr Montagebuchsen getauscht werden, auch wenn sie technisch keine Dichtfunktion erf\u00fcllen. Passt f\u00fcr: 3-teilige Montagebuchsen von Rockshox Inhalt: 20 St\u00fcck f\u00fcr 5 D\u00e4mpfer Die unscheinbaren Schutzdichtungen f\u00fcr Montagebuchsen sind oftmals stark verschmutzt, besch\u00e4digt, br\u00fcchig oder gehen schlicht und einfach [&hellip;]\" \/>\n<meta property=\"og:url\" content=\"https:\/\/www.daempferklinik.de\/b2b-shop\/produkt\/mounting-seal-kit-fuer-rockshox-3-teilig\/\" \/>\n<meta property=\"og:site_name\" content=\"D\u00e4mpferklinik B2B-Shop\" \/>\n<meta property=\"article:modified_time\" content=\"2022-09-12T18:17:48+00:00\" \/>\n<meta property=\"og:image\" content=\"http:\/\/www.daempferklinik.de\/b2b-shop\/wp-content\/uploads\/sites\/3\/X_RS_3tlg_SK.jpg\" \/>\n\t<meta property=\"og:image:width\" content=\"999\" \/>\n\t<meta property=\"og:image:height\" content=\"999\" \/>\n\t<meta property=\"og:image:type\" content=\"image\/jpeg\" \/>\n<meta name=\"twitter:card\" content=\"summary_large_image\" \/>\n<meta name=\"twitter:label1\" content=\"Gesch\u00e4tzte Lesezeit\" \/>\n\t<meta name=\"twitter:data1\" content=\"1\u00a0Minute\" \/>\n<script type=\"application\/ld+json\" class=\"yoast-schema-graph\">{\"@context\":\"https:\/\/schema.org\",\"@graph\":[{\"@type\":\"WebPage\",\"@id\":\"https:\/\/www.daempferklinik.de\/b2b-shop\/produkt\/mounting-seal-kit-fuer-rockshox-3-teilig\/\",\"url\":\"https:\/\/www.daempferklinik.de\/b2b-shop\/produkt\/mounting-seal-kit-fuer-rockshox-3-teilig\/\",\"name\":\"Mounting Seal Kit f\u00fcr Rockshox 3-part (#568\/MSK-3) - D\u00e4mpferklinik B2B-Shop\",\"isPartOf\":{\"@id\":\"https:\/\/www.daempferklinik.de\/b2b-shop\/#website\"},\"datePublished\":\"2018-12-07T13:49:30+00:00\",\"dateModified\":\"2022-09-12T18:17:48+00:00\",\"breadcrumb\":{\"@id\":\"https:\/\/www.daempferklinik.de\/b2b-shop\/produkt\/mounting-seal-kit-fuer-rockshox-3-teilig\/#breadcrumb\"},\"inLanguage\":\"de\",\"potentialAction\":[{\"@type\":\"ReadAction\",\"target\":[\"https:\/\/www.daempferklinik.de\/b2b-shop\/produkt\/mounting-seal-kit-fuer-rockshox-3-teilig\/\"]}]},{\"@type\":\"BreadcrumbList\",\"@id\":\"https:\/\/www.daempferklinik.de\/b2b-shop\/produkt\/mounting-seal-kit-fuer-rockshox-3-teilig\/#breadcrumb\",\"itemListElement\":[{\"@type\":\"ListItem\",\"position\":1,\"name\":\"Home\",\"item\":\"https:\/\/www.daempferklinik.de\/b2b-shop\/\"},{\"@type\":\"ListItem\",\"position\":2,\"name\":\"Produkte\",\"item\":\"https:\/\/www.daempferklinik.de\/b2b-shop\/products\/\"},{\"@type\":\"ListItem\",\"position\":3,\"name\":\"Mounting Seal Kit f\u00fcr Rockshox 3-part (#568\/MSK-3)\"}]},{\"@type\":\"WebSite\",\"@id\":\"https:\/\/www.daempferklinik.de\/b2b-shop\/#website\",\"url\":\"https:\/\/www.daempferklinik.de\/b2b-shop\/\",\"name\":\"D\u00e4mpferklinik B2B-Shop\",\"description\":\"Alles f\u00fcr den MTB Suspension Service\",\"potentialAction\":[{\"@type\":\"SearchAction\",\"target\":{\"@type\":\"EntryPoint\",\"urlTemplate\":\"https:\/\/www.daempferklinik.de\/b2b-shop\/?s={search_term_string}\"},\"query-input\":\"required name=search_term_string\"}],\"inLanguage\":\"de\"}]}<\/script>\n<!-- \/ Yoast SEO plugin. -->","yoast_head_json":{"title":"Mounting Seal Kit f\u00fcr Rockshox 3-part (#568\/MSK-3) - D\u00e4mpferklinik B2B-Shop","robots":{"index":"index","follow":"follow","max-snippet":"max-snippet:-1","max-image-preview":"max-image-preview:large","max-video-preview":"max-video-preview:-1"},"canonical":"https:\/\/www.daempferklinik.de\/b2b-shop\/produkt\/mounting-seal-kit-fuer-rockshox-3-teilig\/","og_locale":"de_DE","og_type":"article","og_title":"Mounting Seal Kit f\u00fcr Rockshox 3-part (#568\/MSK-3) - D\u00e4mpferklinik B2B-Shop","og_description":"Klein und notwendig f\u00fcr fast jeden Service &#8211; Beim Service am D\u00e4mpfer sollten auch die Schutzdichtungen f\u00fcr Montagebuchsen getauscht werden, auch wenn sie technisch keine Dichtfunktion erf\u00fcllen. Passt f\u00fcr: 3-teilige Montagebuchsen von Rockshox Inhalt: 20 St\u00fcck f\u00fcr 5 D\u00e4mpfer Die unscheinbaren Schutzdichtungen f\u00fcr Montagebuchsen sind oftmals stark verschmutzt, besch\u00e4digt, br\u00fcchig oder gehen schlicht und einfach [&hellip;]","og_url":"https:\/\/www.daempferklinik.de\/b2b-shop\/produkt\/mounting-seal-kit-fuer-rockshox-3-teilig\/","og_site_name":"D\u00e4mpferklinik B2B-Shop","article_modified_time":"2022-09-12T18:17:48+00:00","og_image":[{"width":999,"height":999,"url":"http:\/\/www.daempferklinik.de\/b2b-shop\/wp-content\/uploads\/sites\/3\/X_RS_3tlg_SK.jpg","type":"image\/jpeg"}],"twitter_card":"summary_large_image","twitter_misc":{"Gesch\u00e4tzte Lesezeit":"1\u00a0Minute"},"schema":{"@context":"https:\/\/schema.org","@graph":[{"@type":"WebPage","@id":"https:\/\/www.daempferklinik.de\/b2b-shop\/produkt\/mounting-seal-kit-fuer-rockshox-3-teilig\/","url":"https:\/\/www.daempferklinik.de\/b2b-shop\/produkt\/mounting-seal-kit-fuer-rockshox-3-teilig\/","name":"Mounting Seal Kit f\u00fcr Rockshox 3-part (#568\/MSK-3) - D\u00e4mpferklinik B2B-Shop","isPartOf":{"@id":"https:\/\/www.daempferklinik.de\/b2b-shop\/#website"},"datePublished":"2018-12-07T13:49:30+00:00","dateModified":"2022-09-12T18:17:48+00:00","breadcrumb":{"@id":"https:\/\/www.daempferklinik.de\/b2b-shop\/produkt\/mounting-seal-kit-fuer-rockshox-3-teilig\/#breadcrumb"},"inLanguage":"de","potentialAction":[{"@type":"ReadAction","target":["https:\/\/www.daempferklinik.de\/b2b-shop\/produkt\/mounting-seal-kit-fuer-rockshox-3-teilig\/"]}]},{"@type":"BreadcrumbList","@id":"https:\/\/www.daempferklinik.de\/b2b-shop\/produkt\/mounting-seal-kit-fuer-rockshox-3-teilig\/#breadcrumb","itemListElement":[{"@type":"ListItem","position":1,"name":"Home","item":"https:\/\/www.daempferklinik.de\/b2b-shop\/"},{"@type":"ListItem","position":2,"name":"Produkte","item":"https:\/\/www.daempferklinik.de\/b2b-shop\/products\/"},{"@type":"ListItem","position":3,"name":"Mounting Seal Kit f\u00fcr Rockshox 3-part (#568\/MSK-3)"}]},{"@type":"WebSite","@id":"https:\/\/www.daempferklinik.de\/b2b-shop\/#website","url":"https:\/\/www.daempferklinik.de\/b2b-shop\/","name":"D\u00e4mpferklinik B2B-Shop","description":"Alles f\u00fcr den MTB Suspension Service","potentialAction":[{"@type":"SearchAction","target":{"@type":"EntryPoint","urlTemplate":"https:\/\/www.daempferklinik.de\/b2b-shop\/?s={search_term_string}"},"query-input":"required name=search_term_string"}],"inLanguage":"de"}]}},"_links":{"self":[{"href":"https:\/\/www.daempferklinik.de\/b2b-shop\/wp-json\/wp\/v2\/product\/11969"}],"collection":[{"href":"https:\/\/www.daempferklinik.de\/b2b-shop\/wp-json\/wp\/v2\/product"}],"about":[{"href":"https:\/\/www.daempferklinik.de\/b2b-shop\/wp-json\/wp\/v2\/types\/product"}],"wp:featuredmedia":[{"embeddable":true,"href":"https:\/\/www.daempferklinik.de\/b2b-shop\/wp-json\/wp\/v2\/media\/11977"}],"wp:attachment":[{"href":"https:\/\/www.daempferklinik.de\/b2b-shop\/wp-json\/wp\/v2\/media?parent=11969"}],"wp:term":[{"taxonomy":"product_cat","embeddable":true,"href":"https:\/\/www.daempferklinik.de\/b2b-shop\/wp-json\/wp\/v2\/product_cat?post=11969"},{"taxonomy":"product_tag","embeddable":true,"href":"https:\/\/www.daempferklinik.de\/b2b-shop\/wp-json\/wp\/v2\/product_tag?post=11969"}],"curies":[{"name":"wp","href":"https:\/\/api.w.org\/{rel}","templated":true}]}}