{"id":1117,"date":"2017-05-30T11:24:35","date_gmt":"2017-05-30T09:24:35","guid":{"rendered":"http:\/\/www.daempferklinik.de\/b2b-shop\/?post_type=product&#038;p=1117"},"modified":"2022-09-02T15:23:13","modified_gmt":"2022-09-02T13:23:13","slug":"essential-kit-rs-monarch-umy13","status":"publish","type":"product","link":"https:\/\/www.daempferklinik.de\/b2b-shop\/produkt\/essential-kit-rs-monarch-umy13\/","title":{"rendered":"Essential Kit passend f\u00fcr RS Monarch (bis MJ 2013) (#306)"},"content":{"rendered":"<p>Mit diesem Essential Kit f\u00fchrst Du einen Service am D\u00e4mpfer &#8218;Rockshox Monarch\u2018 bis Modelljahr 2013 durch.<\/p>\n<p>Tip: Die Modelljahre bis 2013 erkennst Du daran, dass der Kolbenstangendurchmesser 9 mm betr\u00e4gt. Im Vergleich dazu sind es bei den Modelljahren ab 2014 10 mm. Das Essential Kit passt f\u00fcr die Versionen 3.3, 4.2, RT3 und die Modelle mit Schwenkventil sowie die letzte Baureihe des RS Ario (baugleich zu Monarch bis 2013).<\/p>\n<p>Air &amp; Oil Kit &#8211; f\u00fcr einen Komplett-Service, also f\u00fcr \u00d6l- und Luftkammer<br \/>\nAir &#8211; f\u00fcr einen Luftkammer-Service<\/p>\n<p>Unsere Essential Kits enthalten alles, was Du brauchst, um die hydraulischen und pneumatischen Funktionen eines Federelements wieder herzustellen &#8211; und das sind Dichtungen. Ersatzteile* hingegen lassen wir weg. So kannst Du mit den kostenoptimierten Essential Kits Deinen Kunden einen professionellen Service zum fairen Preis anbieten.<br \/>\n(*z.B. Schrauben, Madenschrauben, St\u00fctzringe, Gleitelemente, Ventileins\u00e4tze, Verstellerkugeln und -federn, Sprengringe etc.)<\/p>\n","protected":false},"excerpt":{"rendered":"<p>Typ: Luftfeder, einfach<\/p>\n","protected":false},"featured_media":8838,"template":"","meta":{"_et_pb_use_builder":"","_et_pb_old_content":"","_et_gb_content_width":""},"product_cat":[84],"product_tag":[],"yoast_head":"<!-- This site is optimized with the Yoast SEO plugin v19.13 - https:\/\/yoast.com\/wordpress\/plugins\/seo\/ -->\n<title>Essential Kit passend f\u00fcr RS Monarch (bis MJ 2013) (#306) - D\u00e4mpferklinik B2B-Shop<\/title>\n<meta name=\"robots\" content=\"index, follow, max-snippet:-1, max-image-preview:large, max-video-preview:-1\" \/>\n<link rel=\"canonical\" href=\"https:\/\/www.daempferklinik.de\/b2b-shop\/produkt\/essential-kit-rs-monarch-umy13\/\" \/>\n<meta property=\"og:locale\" content=\"de_DE\" \/>\n<meta property=\"og:type\" content=\"article\" \/>\n<meta property=\"og:title\" content=\"Essential Kit passend f\u00fcr RS Monarch (bis MJ 2013) (#306) - D\u00e4mpferklinik B2B-Shop\" \/>\n<meta property=\"og:description\" content=\"Typ: Luftfeder, einfach\" \/>\n<meta property=\"og:url\" content=\"https:\/\/www.daempferklinik.de\/b2b-shop\/produkt\/essential-kit-rs-monarch-umy13\/\" \/>\n<meta property=\"og:site_name\" content=\"D\u00e4mpferklinik B2B-Shop\" \/>\n<meta property=\"article:modified_time\" content=\"2022-09-02T13:23:13+00:00\" \/>\n<meta property=\"og:image\" content=\"http:\/\/www.daempferklinik.de\/b2b-shop\/wp-content\/uploads\/sites\/3\/RS_monarch_9mm_full_kit-1.jpg\" \/>\n\t<meta property=\"og:image:width\" content=\"2387\" \/>\n\t<meta property=\"og:image:height\" content=\"2387\" \/>\n\t<meta property=\"og:image:type\" content=\"image\/jpeg\" \/>\n<meta name=\"twitter:card\" content=\"summary_large_image\" \/>\n<meta name=\"twitter:label1\" content=\"Gesch\u00e4tzte Lesezeit\" \/>\n\t<meta name=\"twitter:data1\" content=\"1\u00a0Minute\" \/>\n<script type=\"application\/ld+json\" class=\"yoast-schema-graph\">{\"@context\":\"https:\/\/schema.org\",\"@graph\":[{\"@type\":\"WebPage\",\"@id\":\"https:\/\/www.daempferklinik.de\/b2b-shop\/produkt\/essential-kit-rs-monarch-umy13\/\",\"url\":\"https:\/\/www.daempferklinik.de\/b2b-shop\/produkt\/essential-kit-rs-monarch-umy13\/\",\"name\":\"Essential Kit passend f\u00fcr RS Monarch (bis MJ 2013) (#306) - D\u00e4mpferklinik B2B-Shop\",\"isPartOf\":{\"@id\":\"https:\/\/www.daempferklinik.de\/b2b-shop\/#website\"},\"datePublished\":\"2017-05-30T09:24:35+00:00\",\"dateModified\":\"2022-09-02T13:23:13+00:00\",\"breadcrumb\":{\"@id\":\"https:\/\/www.daempferklinik.de\/b2b-shop\/produkt\/essential-kit-rs-monarch-umy13\/#breadcrumb\"},\"inLanguage\":\"de\",\"potentialAction\":[{\"@type\":\"ReadAction\",\"target\":[\"https:\/\/www.daempferklinik.de\/b2b-shop\/produkt\/essential-kit-rs-monarch-umy13\/\"]}]},{\"@type\":\"BreadcrumbList\",\"@id\":\"https:\/\/www.daempferklinik.de\/b2b-shop\/produkt\/essential-kit-rs-monarch-umy13\/#breadcrumb\",\"itemListElement\":[{\"@type\":\"ListItem\",\"position\":1,\"name\":\"Home\",\"item\":\"https:\/\/www.daempferklinik.de\/b2b-shop\/\"},{\"@type\":\"ListItem\",\"position\":2,\"name\":\"Produkte\",\"item\":\"https:\/\/www.daempferklinik.de\/b2b-shop\/products\/\"},{\"@type\":\"ListItem\",\"position\":3,\"name\":\"Essential Kit passend f\u00fcr RS Monarch (bis MJ 2013) (#306)\"}]},{\"@type\":\"WebSite\",\"@id\":\"https:\/\/www.daempferklinik.de\/b2b-shop\/#website\",\"url\":\"https:\/\/www.daempferklinik.de\/b2b-shop\/\",\"name\":\"D\u00e4mpferklinik B2B-Shop\",\"description\":\"Alles f\u00fcr den MTB Suspension Service\",\"potentialAction\":[{\"@type\":\"SearchAction\",\"target\":{\"@type\":\"EntryPoint\",\"urlTemplate\":\"https:\/\/www.daempferklinik.de\/b2b-shop\/?s={search_term_string}\"},\"query-input\":\"required name=search_term_string\"}],\"inLanguage\":\"de\"}]}<\/script>\n<!-- \/ Yoast SEO plugin. -->","yoast_head_json":{"title":"Essential Kit passend f\u00fcr RS Monarch (bis MJ 2013) (#306) - D\u00e4mpferklinik B2B-Shop","robots":{"index":"index","follow":"follow","max-snippet":"max-snippet:-1","max-image-preview":"max-image-preview:large","max-video-preview":"max-video-preview:-1"},"canonical":"https:\/\/www.daempferklinik.de\/b2b-shop\/produkt\/essential-kit-rs-monarch-umy13\/","og_locale":"de_DE","og_type":"article","og_title":"Essential Kit passend f\u00fcr RS Monarch (bis MJ 2013) (#306) - D\u00e4mpferklinik B2B-Shop","og_description":"Typ: Luftfeder, einfach","og_url":"https:\/\/www.daempferklinik.de\/b2b-shop\/produkt\/essential-kit-rs-monarch-umy13\/","og_site_name":"D\u00e4mpferklinik B2B-Shop","article_modified_time":"2022-09-02T13:23:13+00:00","og_image":[{"width":2387,"height":2387,"url":"http:\/\/www.daempferklinik.de\/b2b-shop\/wp-content\/uploads\/sites\/3\/RS_monarch_9mm_full_kit-1.jpg","type":"image\/jpeg"}],"twitter_card":"summary_large_image","twitter_misc":{"Gesch\u00e4tzte Lesezeit":"1\u00a0Minute"},"schema":{"@context":"https:\/\/schema.org","@graph":[{"@type":"WebPage","@id":"https:\/\/www.daempferklinik.de\/b2b-shop\/produkt\/essential-kit-rs-monarch-umy13\/","url":"https:\/\/www.daempferklinik.de\/b2b-shop\/produkt\/essential-kit-rs-monarch-umy13\/","name":"Essential Kit passend f\u00fcr RS Monarch (bis MJ 2013) (#306) - D\u00e4mpferklinik B2B-Shop","isPartOf":{"@id":"https:\/\/www.daempferklinik.de\/b2b-shop\/#website"},"datePublished":"2017-05-30T09:24:35+00:00","dateModified":"2022-09-02T13:23:13+00:00","breadcrumb":{"@id":"https:\/\/www.daempferklinik.de\/b2b-shop\/produkt\/essential-kit-rs-monarch-umy13\/#breadcrumb"},"inLanguage":"de","potentialAction":[{"@type":"ReadAction","target":["https:\/\/www.daempferklinik.de\/b2b-shop\/produkt\/essential-kit-rs-monarch-umy13\/"]}]},{"@type":"BreadcrumbList","@id":"https:\/\/www.daempferklinik.de\/b2b-shop\/produkt\/essential-kit-rs-monarch-umy13\/#breadcrumb","itemListElement":[{"@type":"ListItem","position":1,"name":"Home","item":"https:\/\/www.daempferklinik.de\/b2b-shop\/"},{"@type":"ListItem","position":2,"name":"Produkte","item":"https:\/\/www.daempferklinik.de\/b2b-shop\/products\/"},{"@type":"ListItem","position":3,"name":"Essential Kit passend f\u00fcr RS Monarch (bis MJ 2013) (#306)"}]},{"@type":"WebSite","@id":"https:\/\/www.daempferklinik.de\/b2b-shop\/#website","url":"https:\/\/www.daempferklinik.de\/b2b-shop\/","name":"D\u00e4mpferklinik B2B-Shop","description":"Alles f\u00fcr den MTB Suspension Service","potentialAction":[{"@type":"SearchAction","target":{"@type":"EntryPoint","urlTemplate":"https:\/\/www.daempferklinik.de\/b2b-shop\/?s={search_term_string}"},"query-input":"required name=search_term_string"}],"inLanguage":"de"}]}},"_links":{"self":[{"href":"https:\/\/www.daempferklinik.de\/b2b-shop\/wp-json\/wp\/v2\/product\/1117"}],"collection":[{"href":"https:\/\/www.daempferklinik.de\/b2b-shop\/wp-json\/wp\/v2\/product"}],"about":[{"href":"https:\/\/www.daempferklinik.de\/b2b-shop\/wp-json\/wp\/v2\/types\/product"}],"wp:featuredmedia":[{"embeddable":true,"href":"https:\/\/www.daempferklinik.de\/b2b-shop\/wp-json\/wp\/v2\/media\/8838"}],"wp:attachment":[{"href":"https:\/\/www.daempferklinik.de\/b2b-shop\/wp-json\/wp\/v2\/media?parent=1117"}],"wp:term":[{"taxonomy":"product_cat","embeddable":true,"href":"https:\/\/www.daempferklinik.de\/b2b-shop\/wp-json\/wp\/v2\/product_cat?post=1117"},{"taxonomy":"product_tag","embeddable":true,"href":"https:\/\/www.daempferklinik.de\/b2b-shop\/wp-json\/wp\/v2\/product_tag?post=1117"}],"curies":[{"name":"wp","href":"https:\/\/api.w.org\/{rel}","templated":true}]}}