{"id":10031,"date":"2018-01-25T11:17:55","date_gmt":"2018-01-25T10:17:55","guid":{"rendered":"http:\/\/www.daempferklinik.de\/b2b-shop\/?post_type=product&#038;p=10031"},"modified":"2023-02-02T19:16:04","modified_gmt":"2023-02-02T18:16:04","slug":"rs-vivid-air-amf-stirnlochschluessel","status":"publish","type":"product","link":"https:\/\/www.daempferklinik.de\/b2b-shop\/produkt\/rs-vivid-air-amf-stirnlochschluessel\/","title":{"rendered":"RS Vivid Air: AMF Stirnlochschl\u00fcssel"},"content":{"rendered":"<p>Mit diesem Stirnlochschl\u00fcssel \u00f6ffnest Du den Verschlussring der Luftkammer beim Rockshox Vivid Air.<br \/>\nDer Schl\u00fcssel hat 2,5mm Zapfendurchmesser.<\/p>\n","protected":false},"excerpt":{"rendered":"<p>Mit diesem Stirnlochschl\u00fcssel \u00f6ffnest Du den Verschlussring der Luftkammer beim Rockshox Vivid Air. Der Schl\u00fcssel hat 2,5mm Zapfendurchmesser.<\/p>\n","protected":false},"featured_media":18917,"template":"","meta":{"_et_pb_use_builder":"","_et_pb_old_content":"","_et_gb_content_width":""},"product_cat":[75],"product_tag":[],"yoast_head":"<!-- This site is optimized with the Yoast SEO plugin v19.13 - https:\/\/yoast.com\/wordpress\/plugins\/seo\/ -->\n<title>RS Vivid Air: AMF Stirnlochschl\u00fcssel - D\u00e4mpferklinik B2B-Shop<\/title>\n<meta name=\"robots\" content=\"index, follow, max-snippet:-1, max-image-preview:large, max-video-preview:-1\" \/>\n<link rel=\"canonical\" href=\"https:\/\/www.daempferklinik.de\/b2b-shop\/produkt\/rs-vivid-air-amf-stirnlochschluessel\/\" \/>\n<meta property=\"og:locale\" content=\"de_DE\" \/>\n<meta property=\"og:type\" content=\"article\" \/>\n<meta property=\"og:title\" content=\"RS Vivid Air: AMF Stirnlochschl\u00fcssel - D\u00e4mpferklinik B2B-Shop\" \/>\n<meta property=\"og:description\" content=\"Mit diesem Stirnlochschl\u00fcssel \u00f6ffnest Du den Verschlussring der Luftkammer beim Rockshox Vivid Air. Der Schl\u00fcssel hat 2,5mm Zapfendurchmesser.\" \/>\n<meta property=\"og:url\" content=\"https:\/\/www.daempferklinik.de\/b2b-shop\/produkt\/rs-vivid-air-amf-stirnlochschluessel\/\" \/>\n<meta property=\"og:site_name\" content=\"D\u00e4mpferklinik B2B-Shop\" \/>\n<meta property=\"article:modified_time\" content=\"2023-02-02T18:16:04+00:00\" \/>\n<meta property=\"og:image\" content=\"http:\/\/www.daempferklinik.de\/b2b-shop\/wp-content\/uploads\/sites\/3\/Stirnloch_25mmKomplett.jpg\" \/>\n\t<meta property=\"og:image:width\" content=\"756\" \/>\n\t<meta property=\"og:image:height\" content=\"1008\" \/>\n\t<meta property=\"og:image:type\" content=\"image\/jpeg\" \/>\n<meta name=\"twitter:card\" content=\"summary_large_image\" \/>\n<meta name=\"twitter:label1\" content=\"Gesch\u00e4tzte Lesezeit\" \/>\n\t<meta name=\"twitter:data1\" content=\"1\u00a0Minute\" \/>\n<script type=\"application\/ld+json\" class=\"yoast-schema-graph\">{\"@context\":\"https:\/\/schema.org\",\"@graph\":[{\"@type\":\"WebPage\",\"@id\":\"https:\/\/www.daempferklinik.de\/b2b-shop\/produkt\/rs-vivid-air-amf-stirnlochschluessel\/\",\"url\":\"https:\/\/www.daempferklinik.de\/b2b-shop\/produkt\/rs-vivid-air-amf-stirnlochschluessel\/\",\"name\":\"RS Vivid Air: AMF Stirnlochschl\u00fcssel - D\u00e4mpferklinik B2B-Shop\",\"isPartOf\":{\"@id\":\"https:\/\/www.daempferklinik.de\/b2b-shop\/#website\"},\"datePublished\":\"2018-01-25T10:17:55+00:00\",\"dateModified\":\"2023-02-02T18:16:04+00:00\",\"breadcrumb\":{\"@id\":\"https:\/\/www.daempferklinik.de\/b2b-shop\/produkt\/rs-vivid-air-amf-stirnlochschluessel\/#breadcrumb\"},\"inLanguage\":\"de\",\"potentialAction\":[{\"@type\":\"ReadAction\",\"target\":[\"https:\/\/www.daempferklinik.de\/b2b-shop\/produkt\/rs-vivid-air-amf-stirnlochschluessel\/\"]}]},{\"@type\":\"BreadcrumbList\",\"@id\":\"https:\/\/www.daempferklinik.de\/b2b-shop\/produkt\/rs-vivid-air-amf-stirnlochschluessel\/#breadcrumb\",\"itemListElement\":[{\"@type\":\"ListItem\",\"position\":1,\"name\":\"Home\",\"item\":\"https:\/\/www.daempferklinik.de\/b2b-shop\/\"},{\"@type\":\"ListItem\",\"position\":2,\"name\":\"Produkte\",\"item\":\"https:\/\/www.daempferklinik.de\/b2b-shop\/products\/\"},{\"@type\":\"ListItem\",\"position\":3,\"name\":\"RS Vivid Air: AMF Stirnlochschl\u00fcssel\"}]},{\"@type\":\"WebSite\",\"@id\":\"https:\/\/www.daempferklinik.de\/b2b-shop\/#website\",\"url\":\"https:\/\/www.daempferklinik.de\/b2b-shop\/\",\"name\":\"D\u00e4mpferklinik B2B-Shop\",\"description\":\"Alles f\u00fcr den MTB Suspension Service\",\"potentialAction\":[{\"@type\":\"SearchAction\",\"target\":{\"@type\":\"EntryPoint\",\"urlTemplate\":\"https:\/\/www.daempferklinik.de\/b2b-shop\/?s={search_term_string}\"},\"query-input\":\"required name=search_term_string\"}],\"inLanguage\":\"de\"}]}<\/script>\n<!-- \/ Yoast SEO plugin. -->","yoast_head_json":{"title":"RS Vivid Air: AMF Stirnlochschl\u00fcssel - D\u00e4mpferklinik B2B-Shop","robots":{"index":"index","follow":"follow","max-snippet":"max-snippet:-1","max-image-preview":"max-image-preview:large","max-video-preview":"max-video-preview:-1"},"canonical":"https:\/\/www.daempferklinik.de\/b2b-shop\/produkt\/rs-vivid-air-amf-stirnlochschluessel\/","og_locale":"de_DE","og_type":"article","og_title":"RS Vivid Air: AMF Stirnlochschl\u00fcssel - D\u00e4mpferklinik B2B-Shop","og_description":"Mit diesem Stirnlochschl\u00fcssel \u00f6ffnest Du den Verschlussring der Luftkammer beim Rockshox Vivid Air. Der Schl\u00fcssel hat 2,5mm Zapfendurchmesser.","og_url":"https:\/\/www.daempferklinik.de\/b2b-shop\/produkt\/rs-vivid-air-amf-stirnlochschluessel\/","og_site_name":"D\u00e4mpferklinik B2B-Shop","article_modified_time":"2023-02-02T18:16:04+00:00","og_image":[{"width":756,"height":1008,"url":"http:\/\/www.daempferklinik.de\/b2b-shop\/wp-content\/uploads\/sites\/3\/Stirnloch_25mmKomplett.jpg","type":"image\/jpeg"}],"twitter_card":"summary_large_image","twitter_misc":{"Gesch\u00e4tzte Lesezeit":"1\u00a0Minute"},"schema":{"@context":"https:\/\/schema.org","@graph":[{"@type":"WebPage","@id":"https:\/\/www.daempferklinik.de\/b2b-shop\/produkt\/rs-vivid-air-amf-stirnlochschluessel\/","url":"https:\/\/www.daempferklinik.de\/b2b-shop\/produkt\/rs-vivid-air-amf-stirnlochschluessel\/","name":"RS Vivid Air: AMF Stirnlochschl\u00fcssel - D\u00e4mpferklinik B2B-Shop","isPartOf":{"@id":"https:\/\/www.daempferklinik.de\/b2b-shop\/#website"},"datePublished":"2018-01-25T10:17:55+00:00","dateModified":"2023-02-02T18:16:04+00:00","breadcrumb":{"@id":"https:\/\/www.daempferklinik.de\/b2b-shop\/produkt\/rs-vivid-air-amf-stirnlochschluessel\/#breadcrumb"},"inLanguage":"de","potentialAction":[{"@type":"ReadAction","target":["https:\/\/www.daempferklinik.de\/b2b-shop\/produkt\/rs-vivid-air-amf-stirnlochschluessel\/"]}]},{"@type":"BreadcrumbList","@id":"https:\/\/www.daempferklinik.de\/b2b-shop\/produkt\/rs-vivid-air-amf-stirnlochschluessel\/#breadcrumb","itemListElement":[{"@type":"ListItem","position":1,"name":"Home","item":"https:\/\/www.daempferklinik.de\/b2b-shop\/"},{"@type":"ListItem","position":2,"name":"Produkte","item":"https:\/\/www.daempferklinik.de\/b2b-shop\/products\/"},{"@type":"ListItem","position":3,"name":"RS Vivid Air: AMF Stirnlochschl\u00fcssel"}]},{"@type":"WebSite","@id":"https:\/\/www.daempferklinik.de\/b2b-shop\/#website","url":"https:\/\/www.daempferklinik.de\/b2b-shop\/","name":"D\u00e4mpferklinik B2B-Shop","description":"Alles f\u00fcr den MTB Suspension Service","potentialAction":[{"@type":"SearchAction","target":{"@type":"EntryPoint","urlTemplate":"https:\/\/www.daempferklinik.de\/b2b-shop\/?s={search_term_string}"},"query-input":"required name=search_term_string"}],"inLanguage":"de"}]}},"_links":{"self":[{"href":"https:\/\/www.daempferklinik.de\/b2b-shop\/wp-json\/wp\/v2\/product\/10031"}],"collection":[{"href":"https:\/\/www.daempferklinik.de\/b2b-shop\/wp-json\/wp\/v2\/product"}],"about":[{"href":"https:\/\/www.daempferklinik.de\/b2b-shop\/wp-json\/wp\/v2\/types\/product"}],"wp:featuredmedia":[{"embeddable":true,"href":"https:\/\/www.daempferklinik.de\/b2b-shop\/wp-json\/wp\/v2\/media\/18917"}],"wp:attachment":[{"href":"https:\/\/www.daempferklinik.de\/b2b-shop\/wp-json\/wp\/v2\/media?parent=10031"}],"wp:term":[{"taxonomy":"product_cat","embeddable":true,"href":"https:\/\/www.daempferklinik.de\/b2b-shop\/wp-json\/wp\/v2\/product_cat?post=10031"},{"taxonomy":"product_tag","embeddable":true,"href":"https:\/\/www.daempferklinik.de\/b2b-shop\/wp-json\/wp\/v2\/product_tag?post=10031"}],"curies":[{"name":"wp","href":"https:\/\/api.w.org\/{rel}","templated":true}]}}